{"id":1112,"date":"2015-08-02T19:10:22","date_gmt":"2015-08-02T17:10:22","guid":{"rendered":"http:\/\/www.siccr.org\/siccr2015wp\/en\/?page_id=1112"},"modified":"2023-10-24T17:08:06","modified_gmt":"2023-10-24T15:08:06","slug":"courses-in-methodology","status":"publish","type":"page","link":"https:\/\/www.siccr.org\/en\/corsi-educazionali-siccr\/courses-in-methodology\/","title":{"rendered":"Courses in methodology"},"content":{"rendered":"<p>Le significative potenzialit\u00e0 che potrebbe sviluppare la ricerca scientifica in Italia troppo spesso si scontrano con le notevoli difficolt\u00e0 incontrate dai ricercatori a raggiungere i livelli qualitativi e quantitativi di altri paesi occidentali. Questo \u00e8 senza dubbio imputabile alla scarsit\u00e0 di fondi e risorse messi a disposizione per la ricerca, ma solo in parte.<br \/>\nUna responsabilit\u00e0 rilevante risiede infatti nella insufficiente \u201cformazione alla ricerca\u201d che diffusamente affligge le nostre Universit\u00e0.<br \/>\nLa Societ\u00e0 Italiana di Chirurgia Colo-Rettale ha dunque deciso di inserire nella propria attivit\u00e0 educazionale e formativa un corso di metodologia della ricerca che una impronta essenzialmente pratica, con lo scopo di mettere in grado i discenti di leggere in maniera critica gli studi pubblicati, di saper impostare una ricerca scientifica, di essere in grado di scrivere un lavoro scientifico per la pubblicazione in riviste \u201cpeer-reviewed\u201d, di saper preparare e presentare una comunicazione orale o un poster ad un congresso scientifico.<br \/>\nPer poter ottenere questi risultati \u00e8 necessario far acquisire loro la conoscenza dei principi di base della ricerca scientifica, conoscere i concetti base della statistica medica e saper usare i pi\u00f9 comuni software per la valutazione statistica di un \u201cdata-base\u201d e la preparazione delle presentazioni.<br \/>\nLa parte dedicata alla statistica medica, argomento centrale in ogni studio scientifico ma notoriamente \u201costico\u201d per medici e biologi, verr\u00e0 impostato in maniera originale, partendo dai dati clinici-laboratoristici per arrivare a decidere quale test statistico \u00e8 necessario utilizzare per la loro valutazione.<\/p>\n","protected":false},"excerpt":{"rendered":"<p>Le significative potenzialit\u00e0 che potrebbe sviluppare la ricerca scientifica in Italia troppo spesso si scontrano con le notevoli difficolt\u00e0 incontrate dai ricercatori a raggiungere i livelli qualitativi e quantitativi di altri paesi occidentali. Questo \u00e8 senza dubbio imputabile alla scarsit\u00e0 di fondi e risorse messi a disposizione per la ricerca, ma solo in parte. Una [&hellip;]<\/p>\n","protected":false},"author":1,"featured_media":0,"parent":1109,"menu_order":0,"comment_status":"closed","ping_status":"open","template":"page-templates\/corsi-educazionali-subpages.php","meta":{"_acf_changed":false,"footnotes":""},"acf":[],"_links":{"self":[{"href":"https:\/\/www.siccr.org\/en\/wp-json\/wp\/v2\/pages\/1112"}],"collection":[{"href":"https:\/\/www.siccr.org\/en\/wp-json\/wp\/v2\/pages"}],"about":[{"href":"https:\/\/www.siccr.org\/en\/wp-json\/wp\/v2\/types\/page"}],"author":[{"embeddable":true,"href":"https:\/\/www.siccr.org\/en\/wp-json\/wp\/v2\/users\/1"}],"replies":[{"embeddable":true,"href":"https:\/\/www.siccr.org\/en\/wp-json\/wp\/v2\/comments?post=1112"}],"version-history":[{"count":5,"href":"https:\/\/www.siccr.org\/en\/wp-json\/wp\/v2\/pages\/1112\/revisions"}],"predecessor-version":[{"id":23848,"href":"https:\/\/www.siccr.org\/en\/wp-json\/wp\/v2\/pages\/1112\/revisions\/23848"}],"up":[{"embeddable":true,"href":"https:\/\/www.siccr.org\/en\/wp-json\/wp\/v2\/pages\/1109"}],"wp:attachment":[{"href":"https:\/\/www.siccr.org\/en\/wp-json\/wp\/v2\/media?parent=1112"}],"curies":[{"name":"wp","href":"https:\/\/api.w.org\/{rel}","templated":true}]}}