{"id":1179,"date":"2015-08-03T11:03:56","date_gmt":"2015-08-03T09:03:56","guid":{"rendered":"http:\/\/www.siccr.org\/siccr2015wp\/en\/?page_id=1179"},"modified":"2015-08-04T11:41:40","modified_gmt":"2015-08-04T09:41:40","slug":"courses-for-doctors-of-general-medicine-2007","status":"publish","type":"page","link":"https:\/\/www.siccr.org\/en\/corsi-educazionali-siccr\/courses-for-doctors-of-general-medicine\/courses-for-doctors-of-general-medicine-2007\/","title":{"rendered":"Courses for doctors of general medicine 2007"},"content":{"rendered":"<p>La SICCR, con la consapevolezza di avviare una politica di grande rispetto nei confronti della propria \u201cMission\u201d, ha avviato una serie di progetti tra cui la formalizzazione di SICCR Science Center.<br \/>\nIn pochissimo tempo le risposte positive, l\u2019elevato numero di progetti, alcuni ambiziosi, ed i successi gi\u00e0 raggiunti ci hanno ripagato di tantissima fatica e delle molte apprensioni.<br \/>\nTra questi impegni il sostegno all\u2019Educazione continua per i Medici di Medicina Generale nella disciplina ColoProctologica \u00e8 tra quelli che ha riscosso un ottimo apprezzamento.<br \/>\nIl format del Corso a ci\u00f2 dedicato pensato per piccoli gruppi e con attivit\u00e0 pratica ambulatoriale, permetter\u00e0 ai MMG di trasferire nel proprio ambulatorio quelle manovre essenziali per meglio districarsi tra situazioni che possono essere ben affrontate anche nel proprio studio senza dovere delegare ogni aspetto allo specialista, da quelle in cui \u00e8 fondamentale un approfondimento diagnostico o terapeutico di II livello.<br \/>\nI vantaggi vanno a tutta la \u201cfiliera\u201d, termine sempre pi\u00f9 utilizzato: maggiore motivazione e crescita culturale del MMG e migliore rapporto di fiducia tra lui ed il proprio paziente; pi\u00f9 appropriato utilizzo delle risorse degli ambulatori specialistici del SSN. La SICCR, come Provider, \u00e8 responsabile del contenuto formativo, della qualit\u00e0 scientifica e dell\u2019integrit\u00e0 etica delle attivit\u00e0 cui ha assegnato i crediti.<br \/>\nLe patologie affrontate durante i corsi sono di grande impatto ed attualit\u00e0 nell\u2019attivit\u00e0 medica del territorio e sono raccolte in 2 volumi utilizzati come materiale didattico.<br \/>\nGli Autori sono Esperti della malattie che presentano ed a Loro va il ringraziamento del Consiglio Direttivo della SICCR e mio personale per il tempo che ho distratto loro da altre attivit\u00e0.<br \/>\nDal ritorno dei questionari di \u201ccustomer satisfaction\u201d e dai consigli che riceveremo dai partecipanti alla fine dei Corsi trarremo ogni dato per migliorare in progressione ogni aspetto formale e sostanziale, mentendoci aderenti al progetto pi\u00f9 complessivo di sviluppo didattico che \u00e8 uno dei rami di attivit\u00e0 di SICCR Sciente Center (www.siccr.org).<\/p>\n","protected":false},"excerpt":{"rendered":"<p>La SICCR, con la consapevolezza di avviare una politica di grande rispetto nei confronti della propria \u201cMission\u201d, ha avviato una serie di progetti tra cui la formalizzazione di SICCR Science Center. In pochissimo tempo le risposte positive, l\u2019elevato numero di progetti, alcuni ambiziosi, ed i successi gi\u00e0 raggiunti ci hanno ripagato di tantissima fatica e [&hellip;]<\/p>\n","protected":false},"author":1,"featured_media":0,"parent":1169,"menu_order":0,"comment_status":"closed","ping_status":"open","template":"page-templates\/corsi-educazionali-subpages.php","meta":{"_acf_changed":false,"footnotes":""},"acf":[],"_links":{"self":[{"href":"https:\/\/www.siccr.org\/en\/wp-json\/wp\/v2\/pages\/1179"}],"collection":[{"href":"https:\/\/www.siccr.org\/en\/wp-json\/wp\/v2\/pages"}],"about":[{"href":"https:\/\/www.siccr.org\/en\/wp-json\/wp\/v2\/types\/page"}],"author":[{"embeddable":true,"href":"https:\/\/www.siccr.org\/en\/wp-json\/wp\/v2\/users\/1"}],"replies":[{"embeddable":true,"href":"https:\/\/www.siccr.org\/en\/wp-json\/wp\/v2\/comments?post=1179"}],"version-history":[{"count":3,"href":"https:\/\/www.siccr.org\/en\/wp-json\/wp\/v2\/pages\/1179\/revisions"}],"predecessor-version":[{"id":1182,"href":"https:\/\/www.siccr.org\/en\/wp-json\/wp\/v2\/pages\/1179\/revisions\/1182"}],"up":[{"embeddable":true,"href":"https:\/\/www.siccr.org\/en\/wp-json\/wp\/v2\/pages\/1169"}],"wp:attachment":[{"href":"https:\/\/www.siccr.org\/en\/wp-json\/wp\/v2\/media?parent=1179"}],"curies":[{"name":"wp","href":"https:\/\/api.w.org\/{rel}","templated":true}]}}