{"id":15434,"date":"2016-12-27T00:34:59","date_gmt":"2016-12-26T23:34:59","guid":{"rendered":"http:\/\/www.siccr.org\/en\/training1\/"},"modified":"2023-10-24T17:18:50","modified_gmt":"2023-10-24T15:18:50","slug":"training","status":"publish","type":"page","link":"https:\/\/www.siccr.org\/en\/training\/","title":{"rendered":"Centri ad alta specializzazione e training"},"content":{"rendered":"<p style=\"font-size:14.5px; text-align: justify;\">La commissione \u201cCentri ad alta specializzazione e per il training\u201d ha definito i criteri per l\u2019accreditamento per patologie o specifiche procedure diagnostiche.<br \/>\nOgni socio, che riconosca nel proprio centro di appartenenza i criteri definiti per una patologia o procedura, pu\u00f2 far richiesta al CD per ricevere l\u2019accreditamento per l\u2019alta specializzazione, mediante invio di una domanda e della documentazione richiesta.<br \/>\nUna volta ricevuto l\u2019accreditamento, chi ritiene di poter mettere a disposizione la propria esperienza ad altri colleghi che desiderano acquisire competenze specifiche in un particolare settore, potr\u00e0 candidarsi compilando l\u2019apposita domanda per diventare Centro di training (<strong>All. 2<\/strong>).<br \/>\nL\u2019accreditamento avr\u00e0 una durata di due anni, verr\u00e0 rinnovato previa ripresentazione della domanda, e potr\u00e0 essere revocato qualora vengano meno i criteri. Altro motivo di revoca o di non rinnovo \u00e8 l\u2019insieme di valutazioni negative da parte dei discenti, a mezzo questionario (<strong>All. 3<\/strong>).<br \/>\nLa commissione censir\u00e0 l\u2019attivit\u00e0 dei centri, ne verificher\u00e0 l\u2019effettiva aderenza ai requisiti richiesti, e analizzer\u00e0 i questionari di valutazione compilati dai discenti al termine del periodo di training.<br \/>\nConfidando che questa iniziativa incontri il favore dei Soci ringraziamo in anticipo per la collaborazione.<\/p>\n<p>La Commissione training<\/p>\n<p><a href=\"https:\/\/www.siccr.org\/wp-content\/uploads\/2016\/12\/All1-CriterAccreditamento.doc\">Clicca qui per scaricare l&#8217;Allegato 1 &#8211; Criteri di Accreditamento<\/a><br \/>\n<a href=\"https:\/\/www.siccr.org\/wp-content\/uploads\/2016\/12\/All2-Domanda.docx\">Clicca qui per scaricare l&#8217;Allegato 2 &#8211; Domanda di candidatura<\/a><br \/>\n<a href=\"https:\/\/www.siccr.org\/wp-content\/uploads\/2016\/12\/All3-Questionario.docx\">Clicca qui per scaricare l&#8217;Allegato 3 &#8211; Questionario Valutazione<\/a><\/p>\n<h2>ELENCO CENTRI<\/h2>\n<hr>\n<p><strong>Prof. Gaetano Luglio<\/strong><br \/>\nAzienda Ospedaliera Universitaria Federico II &#8211; Via Pansini 5,  Napoli<br \/>\nUOC: Chirurgia Endoscopica (Dir.: Prof.G.D. De Palma)<br \/>\n<strong>Contatti:<\/strong> Email: <a href=\"mailto:gaetano.luglio@gmail.com\" target=\"_blank\">gaetano.luglio@gmail.com<\/a>;  Fax: 081 7462461<\/p>\n<p>Centro Alta Specializzazione per<br \/>\n1.      Trattamento laparoscopico delle malattie del colon-retto<br \/>\n2.      Trattamento delle malattie infiammatorie croniche intestinali<br \/>\n3.      Ecografia Endoanale ed Endorettale.<\/p>\n<hr>\n<p><strong>Dott. Valerio Celentano<\/strong><br \/>\nChelsea and Westminster Hospital NHS Foundation Trust &#8211; 369 Fulham Rd., London, United Kingdom<br \/>\n<strong>Contatti:<\/strong> Tel. 02 03315 4001 &#8211; Email: <a href=\"mailto:valeriocelentano@yahoo.it\">valeriocelentano@yahoo.it<\/a><\/p>\n<p>Centro Alta Specializzazione per<br \/>\n1.      Trattamento laparoscopico delle malattie del colon-retto<br \/>\n2.      Trattamento delle malattie infiammatorie croniche intestinali<\/p>\n<hr>\n<p><strong>Dott. Salvatore Bracchitta<\/strong><br \/>\nUO di Proctologia UCP di Ragusa &#8211; Clinica del Mediterraneo \u2013 Via E. Fieramosca, 100<br \/>\n<strong>Contatti:<\/strong> Tel. 0932 641001 &#8211; Email: <a href=\"mailto:proctbra@tin.it\">proctbra@tin.it<\/a><\/p>\n<p>Centro Alta Specializzazione per<br \/>\n1.      Trattamento delle Emorroidi<br \/>\n2.      Trattamento delle Fistole<\/p>\n<hr>\n<p><strong>Dott.ssa Dajana Cuicchi<\/strong><br \/>\nPoliclinico S. Orsola \u2013 Malpighi, Via Albertoni, 15 \u2013<br \/>\nChirurgia Generale Prof. Cola \u2013 Ambulatorio Divisionale di Prcologia Padiglione n. 5 (Nuove Patologie) ala D, piano terra<br \/>\n<strong>Contatti:<\/strong> Tel. 051 2144279  &#8211; Email: <a href=\"mailto:dajana.cuicchi@aosp.bo.it\">dajana.cuicchi@aosp.bo.it<\/a><\/p>\n<p>Centro Alta Specializzazione per<br \/>\n1.      Ecografia endo-anale ed endo-rettale<\/p>\n<hr>\n<p><strong>Dott. Gianluigi Moretto<\/strong><br \/>\nOspedale Pederzoli \u2013 Via Montebaldo, 24 Peschiera del Garda<br \/>\nDipartimento di Chirurgia \u2013 UO di Chirurgia Generale e Mininvasiva (Responsabile)<br \/>\n<strong>Contatti:<\/strong> Tel. 045 6449185  &#8211; Email: <a href=\"mailto:gmoretto@ospedalepederzoli.it\">gmoretto@ospedalepederzoli.it<\/a><\/p>\n<p>Centro Alta Specializzazione e Training per<br \/>\n1.      Trattamento laparoscopico malattie colon-retto<\/p>\n<hr>\n<p><strong>Prof. Giuseppe Sica<\/strong><br \/>\nPoliclinico Tor Vergata, Viale Oxford 81 &#8211; 00133 Roma, Italy<br \/>\nDipartimento di Chirurgia, VI piano Ovest, torre 6 &#8211; U.O.C. Chirurgia Generale (Direttore)<br \/>\n<strong>Contatti:<\/strong> Tel. +39 0620902927 (segreteria), +39 0620902922 (diretto), Fax +39 0620902926<br \/>\n<a href=\"http:\/\/www.chirurgia-miniinvasiva.com\" target=\"_blank\">www.chirurgia-miniinvasiva.com<\/a>   &#8211;   Email: <a href=\"mailto:sigisica@gmail.com\">sigisica@gmail.com<\/a><\/p>\n<p>Centro Alta Specializzazione e Training per<br \/>\n1.      Trattamento laparoscopico malattie colon-retto<br \/>\n2.      Trattamento malattie infiammatorie croniche intestinali<\/p>\n<hr>\n<p><strong>Dott. Marco La Torre<\/strong><br \/>\nVilla Tiberia Hospital &#8211; Via Emilio Praga, 26 &#8211; Roma &#8211; Chirurgia Generale<br \/>\n<strong>Contatti:<\/strong> Tel. 3402722083 &#8211; Email: <a href=\"mailto:dott.marcolatorre@gmail.com\">dott.marcolatorre@gmail.com<\/a><\/p>\n<p>Centro Alta Specializzazione e Training per<br \/>\n1. Trattamento fistole perianali<br \/>\n2. Trattamento malattia emorroidaria<\/p>\n<hr>\n<p><strong>Dott. Marco Milone<\/strong><br \/>\nNapoli &#8211; AOU Federico II &#8211; UOC di Chirurgia Endoscopica &#8211; Direttore Prof. De Palma<br \/>\n<strong>Contatti:<\/strong> Tel. 081\/7463064 &#8211; Email: <a href=\"mailto:milone.marco.md@gmail.com\">milone.marco.md@gmail.com<\/a><\/p>\n<p>Centro Alta Specializzazione per<br \/>\n1. Trattamento mininvasivo e robotico delle neoplasie colorettali &#8211; previsto training per 3 discenti per 2 gg con frequenza sala operatoria<\/p>\n","protected":false},"excerpt":{"rendered":"<p>La commissione \u201cCentri ad alta specializzazione e per il training\u201d ha definito i criteri per l\u2019accreditamento per patologie o specifiche procedure diagnostiche. Ogni socio, che riconosca nel proprio centro di appartenenza i criteri definiti per una patologia o procedura, pu\u00f2 far richiesta al CD per ricevere l\u2019accreditamento per l\u2019alta specializzazione, mediante invio di una domanda [&hellip;]<\/p>\n","protected":false},"author":5,"featured_media":0,"parent":0,"menu_order":0,"comment_status":"closed","ping_status":"open","template":"page-templates\/training1.php","meta":{"_acf_changed":false,"footnotes":""},"acf":[],"_links":{"self":[{"href":"https:\/\/www.siccr.org\/en\/wp-json\/wp\/v2\/pages\/15434"}],"collection":[{"href":"https:\/\/www.siccr.org\/en\/wp-json\/wp\/v2\/pages"}],"about":[{"href":"https:\/\/www.siccr.org\/en\/wp-json\/wp\/v2\/types\/page"}],"author":[{"embeddable":true,"href":"https:\/\/www.siccr.org\/en\/wp-json\/wp\/v2\/users\/5"}],"replies":[{"embeddable":true,"href":"https:\/\/www.siccr.org\/en\/wp-json\/wp\/v2\/comments?post=15434"}],"version-history":[{"count":48,"href":"https:\/\/www.siccr.org\/en\/wp-json\/wp\/v2\/pages\/15434\/revisions"}],"predecessor-version":[{"id":23858,"href":"https:\/\/www.siccr.org\/en\/wp-json\/wp\/v2\/pages\/15434\/revisions\/23858"}],"wp:attachment":[{"href":"https:\/\/www.siccr.org\/en\/wp-json\/wp\/v2\/media?parent=15434"}],"curies":[{"name":"wp","href":"https:\/\/api.w.org\/{rel}","templated":true}]}}