{"id":16289,"date":"2017-07-06T15:41:09","date_gmt":"2017-07-06T13:41:09","guid":{"rendered":"http:\/\/www.siccr.org\/en\/siccr-fad\/"},"modified":"2023-10-24T17:11:07","modified_gmt":"2023-10-24T15:11:07","slug":"siccr-fad","status":"publish","type":"page","link":"https:\/\/www.siccr.org\/en\/siccr-fad\/","title":{"rendered":"SICCR FAD"},"content":{"rendered":"<hr \/>\n<div height=\"150px\">\n&nbsp;\n<\/div>\n<p><font size=\"2\"><em><br \/>\nGentili Soci,<br \/>\nSono lieto di annunciare l\u2019attivazione del primo percorso di formazione a distanza della SICCR. La SICCR da sem\u00adpre ha avuto nella produzione scientifica e nella formazione la sua forza. La nostra societ\u00e0 si dota finalmente di questo ulteriore strumento di formazione, fondamentale per il completamento dell\u2019offerta formativa scientifica so\u00adcietaria.<br \/>\nRingrazio il Dott. Lauretta Andrea e la Commissione Formazione da lui coordinata per aver seguito fin dall&#8217;inizio questo progetto e per aver contribuito in modo determinante al suo sviluppo e alla sua completa realizzazione.<br \/>\nIl primo \u201ctopic\u201d scelto \u00e8 l\u2019incontinenza fecale. L\u2019incontinenza anale rappresenta un importante problema sociale e si stima che colpisca almeno una persona su dieci nel corso della vita. Le cause di questo disturbo sono molteplici, e spesso l\u2019eziologia \u00e8 multifattoriale. L\u2019inquadramento clinico strumentale del paziente affetto incontinenza fecale \u00e8 fondamentale per proporre il trattamento pi\u00f9 adeguato. Lo scopo del corso \u00e8 stato la creazione di una monografia completa audiovisiva, utilizzabile dal professionista coloproctologo, gastroenterologo, riabilitatore sia per la sua formazione clinica, sia come strumento di confronto e supporto professionale. Il fruitore del corso ricever\u00e0 una informazione didattica completa rispetto ai meccanismi fisiologici della defecazione e della continenza. Verranno forniti gli elementi per l\u2019inquadramento clinico e strumentale del paziente incontinente. Tutte le metodiche per il trattamento conservativo e invasivo dell\u2019incontinenza fecale verranno discusse, dalla riabilitazione al trattamento chirurgico con metodiche convenzionali e pi\u00f9 recentemente con l\u2019impiego delle cellule staminali.<br \/>\nSi tratta del primo percorso formativo e della prima esperienza in ambito societario e quindi vogliate perdonare gli inevitabili difetti e le possibili correzioni che verranno applicate in corso d\u2019opera. Questa esperienza servir\u00e0 da volano per le successive.  La FAD render\u00e0  la nostra societ\u00e0 ancor pi\u00f9 forte, dotata di una offerta formativa com\u00adpleta  che risponde  all&#8217;esigenza sempre pi\u00f9 stringente relativa agli ECM.<\/p>\n<p>Giulio A. Santoro<br \/>\nPresidente SICCR<br \/>\n<\/em><\/font><\/p>\n<p><b>CREDITI FORMATIVI E TEST DI VERIFICA<\/b><br \/>\nE\u2019 stata depositata al Ministero della Sanit\u00e0 la richiesta di accreditamento finalizzata all\u2019attribuzione dei Crediti Formativi. L\u2019esame finale per l\u2019ottenimento dei <strong>5 crediti ECM<\/strong> viene effettuato on-line. L&#8217;attribuzione dei crediti avviene al superamento del test finale che pu\u00f2 essere eseguito al termine di ogni modulo. Il test pu\u00f2 essere ripetuto al massimo 5 volte. Il <strong>rilascio dei crediti ECM<\/strong> \u00e8 subordinato unicamente al superamento dell&#8217;esame on-line. La presenza del discente viene verificata in forma elettronica<\/p>\n<p><b>PARTECIPANTI<\/b><br \/>\nIl corso avr\u00e0 una durata di 5 ore, e sar\u00e0 riservato a 450 professionisti delle seguenti professioni:<br \/>\nGASTROENTEROLOGIA; GINECOLOGIA E OSTETRICIA; CHIRURGIA GENERALE; MEDICINA FISICA E RIABILITAZIONE; FISIOTERAPISTA; INFERMIERE;<\/p>\n<p><b>METODO DIDATTICO, CARATTERISTICHE E DURATA<\/b><br \/>\nIl corso prevede un percorso formativo per una stima complessiva di 5 ore, che includono l\u2019accesso alle lezioni, la lettura dei documenti consigliati e la visita delle pagine web consigliate.<br \/>\nLa piattaforma FAD offre strumenti interattivi che possono facilitare l\u2019apprendimento della materia.<br \/>\n<b>Il corso \u00e8 strutturato in 13 unit\u00e0 didattiche con relazione scientifica a tema<\/b><\/p>\n<p>Per informazioni o assistenza contattare la Segreteria all&#8217;indirizzo <a href=\"mailto:fadsiccr@siccr.org\">fadsiccr@siccr.org<\/a><\/p>\n<p><a href=\"https:\/\/www.siccr.org\/wp-content\/uploads\/2017\/07\/PROGRAMMA_FAD-INCONTINENZA-ANALE.pdf\" target=\"_blank\">SCARICA IL PROGRAMMA<\/a><\/p>\n<hr \/>\n","protected":false},"excerpt":{"rendered":"<p>&nbsp; Gentili Soci, Sono lieto di annunciare l\u2019attivazione del primo percorso di formazione a distanza della SICCR. La SICCR da sem\u00adpre ha avuto nella produzione scientifica e nella formazione la sua forza. La nostra societ\u00e0 si dota finalmente di questo ulteriore strumento di formazione, fondamentale per il completamento dell\u2019offerta formativa scientifica so\u00adcietaria. Ringrazio il Dott. [&hellip;]<\/p>\n","protected":false},"author":5,"featured_media":0,"parent":0,"menu_order":0,"comment_status":"closed","ping_status":"open","template":"siccr\/siccr-fad.php","meta":{"_acf_changed":false,"footnotes":""},"acf":[],"_links":{"self":[{"href":"https:\/\/www.siccr.org\/en\/wp-json\/wp\/v2\/pages\/16289"}],"collection":[{"href":"https:\/\/www.siccr.org\/en\/wp-json\/wp\/v2\/pages"}],"about":[{"href":"https:\/\/www.siccr.org\/en\/wp-json\/wp\/v2\/types\/page"}],"author":[{"embeddable":true,"href":"https:\/\/www.siccr.org\/en\/wp-json\/wp\/v2\/users\/5"}],"replies":[{"embeddable":true,"href":"https:\/\/www.siccr.org\/en\/wp-json\/wp\/v2\/comments?post=16289"}],"version-history":[{"count":29,"href":"https:\/\/www.siccr.org\/en\/wp-json\/wp\/v2\/pages\/16289\/revisions"}],"predecessor-version":[{"id":23856,"href":"https:\/\/www.siccr.org\/en\/wp-json\/wp\/v2\/pages\/16289\/revisions\/23856"}],"wp:attachment":[{"href":"https:\/\/www.siccr.org\/en\/wp-json\/wp\/v2\/media?parent=16289"}],"curies":[{"name":"wp","href":"https:\/\/api.w.org\/{rel}","templated":true}]}}