{"id":17929,"date":"2018-05-17T15:56:49","date_gmt":"2018-05-17T13:56:49","guid":{"rendered":"http:\/\/www.siccr.org\/en\/cookies\/"},"modified":"2023-10-24T16:20:27","modified_gmt":"2023-10-24T14:20:27","slug":"cookies","status":"publish","type":"page","link":"https:\/\/www.siccr.org\/en\/cookies\/","title":{"rendered":"Cookies"},"content":{"rendered":"<h2>INFORMAZIONE SULL&#8217;USO DEI COOKIE<\/h2>\n<p>Un &#8220;cookie&#8221; \u00e8 un piccolo file di testo che viene inviato al vostro computer durante la navigazione per tracciare il vostro accesso all\u2019interno del nostro sito e raccogliere dati in forma esclusivamente anonima per migliorare l\u2019offerta e la fruibilit\u00e0 del nostro sito. I cookie vengono utilizzati per memorizzare le vostre preferenze in modo da facilitare la vostra navigazione.<\/p>\n<p>E\u2019 possibile visitare il sito anche senza i cookies. La maggior parte dei browser accetta cookies automaticamente. Si pu\u00f2 evitare la registrazione automatica dei cookies selezionando l&#8217;opzione &#8220;non accettare i cookies&#8221; fra quelle proposte. Per avere ulteriori informazioni su come effettuare questa operazione si pu\u00f2 fare riferimento alle istruzioni del browser.<\/p>\n<p>Se desideri eliminare i file cookie eventualmente gi\u00e0 presenti sul tuo computer, leggi le istruzioni del tuo browser cliccando sulla voce \u201cAiuto\u201d del relativo menu.<\/p>\n<p>Il sito <a href=\"https:\/\/www.siccr.org\" target=\"_blank\">www.siccr.org<\/a> pu\u00f2 utilizzare il servizo Google Analytics per generare statistiche di accesso alle pagine del sito e per analisi di traffico interno.<\/p>\n<p>I dati forniti da Google Analytics non permettono in alcun modo di identificare il singolo utente che interagisce sulle pagine del sito, ma riporta informazioni aggregate su quali siano le dinamiche di navigazione all&#8217;interno del sito, il numero di utenti unici e di pagine visualizzate. Google memorizzer\u00e0 ed utilizzer\u00e0 queste informazioni. La politica sulla privacy di Google \u00e8 disponibile al seguente indirizzo: <a href=\"http:\/\/www.google.com\/privacypolicy.html\" target=\"_blank\">http:\/\/www.google.com\/privacypolicy.html<\/a><\/p>\n<h3>Tipologie di Cookie<\/h3>\n<ul>\n<li><strong>Cookie &#8220;di sessione&#8221;<\/strong> &#8211; Sono cookie che scadono alle fine della navigazione, per esempio quando chiudete la pagina del sito.<\/li>\n<li><strong>Cookie &#8220;permanenti&#8221;<\/strong> &#8211; Rimangono nel vostro browser anche dopo aver terminato la navigazione sul sito (a meno che non vengano eliminati).<\/li>\n<li><strong>Cookie &#8220;a scopo prestazionale&#8221;<\/strong> &#8211; Raccolgono informazioni specifiche, per esempio quali sono le pagine pi\u00f9 visitate e se ricevete messaggi di errore da determinate pagine web. Questo tipo di cookie non raccoglie informazioni che possono identificare uno specifico visitatore, dal monento che che si tratta solo di informazioni aggregate. I cookie a scopo prestazionale vengono utilizzati per migliorare il modo in cui lavora un sito web e per fornire maggiore feedback al sito<\/li>\n<li><strong>Cookie &#8220;Funzionali&#8221;<\/strong> &#8211; Consentono al sito di ricordare le vostre scelte, per esempio le modifiche che avete apportato alle dimensioni del testo, ai font o ad altre parti delle pagine web per personalizzarle. Possono anche essere utilizzati per fornire i servizi da voi richiesti, come guardare un video o inserire commenti in un blog.<\/li>\n<\/ul>\n<h3>Cookie di terze parti<\/h3>\n<p>Visitando un sito web si possono ricevere cookie sia dal sito visitato (\u201cproprietari\u201d), sia da siti gestiti da altre organizzazioni (\u201cterze parti\u201d). Un esempio notevole \u00e8 rappresentato dalla presenza dei \u201csocial plugin\u201d per Facebook, Twitter, Google+ e LinkedIn. Si tratta di parti della pagina visitata generate direttamente dai suddetti siti ed integrati nella pagina del sito ospitante. L&#8217;utilizzo pi\u00f9 comune dei social plugin \u00e8 finalizzato alla condivisione dei contenuti sui social network.<\/p>\n<h3>Siti Web di terze parti<\/h3>\n<p>Il sito di contiene collegamenti ad altri siti Web che dispongono di una propria informativa sulla privacy. Queste informative sulla privacy possono essere diverse da quella adottata dal Titolare, che quindi non risponde per Siti di terze parti. Ai sensi dell&#8217;art. 122 secondo comma del D.lgs. 196\/2003 il consenso all&#8217;utilizzo di tali cookie \u00e8 espresso dall&#8217;interessato mediante il settaggio individuale che ha scelto liberamente per il browser utilizzato per la navigazione nel sito, ferma restando la facolt\u00e0 dell&#8217;utente di comunicare in ogni momento al Titolare del trattamento la propria volont\u00e0 in merito ad dati gestiti per il tramite dei cookie che il browser stesso abbia accettato.<\/p>\n","protected":false},"excerpt":{"rendered":"<p>INFORMAZIONE SULL&#8217;USO DEI COOKIE Un &#8220;cookie&#8221; \u00e8 un piccolo file di testo che viene inviato al vostro computer durante la navigazione per tracciare il vostro accesso all\u2019interno del nostro sito e raccogliere dati in forma esclusivamente anonima per migliorare l\u2019offerta e la fruibilit\u00e0 del nostro sito. I cookie vengono utilizzati per memorizzare le vostre preferenze [&hellip;]<\/p>\n","protected":false},"author":5,"featured_media":0,"parent":0,"menu_order":0,"comment_status":"closed","ping_status":"open","template":"","meta":{"_acf_changed":false,"footnotes":""},"acf":[],"_links":{"self":[{"href":"https:\/\/www.siccr.org\/en\/wp-json\/wp\/v2\/pages\/17929"}],"collection":[{"href":"https:\/\/www.siccr.org\/en\/wp-json\/wp\/v2\/pages"}],"about":[{"href":"https:\/\/www.siccr.org\/en\/wp-json\/wp\/v2\/types\/page"}],"author":[{"embeddable":true,"href":"https:\/\/www.siccr.org\/en\/wp-json\/wp\/v2\/users\/5"}],"replies":[{"embeddable":true,"href":"https:\/\/www.siccr.org\/en\/wp-json\/wp\/v2\/comments?post=17929"}],"version-history":[{"count":1,"href":"https:\/\/www.siccr.org\/en\/wp-json\/wp\/v2\/pages\/17929\/revisions"}],"predecessor-version":[{"id":23796,"href":"https:\/\/www.siccr.org\/en\/wp-json\/wp\/v2\/pages\/17929\/revisions\/23796"}],"wp:attachment":[{"href":"https:\/\/www.siccr.org\/en\/wp-json\/wp\/v2\/media?parent=17929"}],"curies":[{"name":"wp","href":"https:\/\/api.w.org\/{rel}","templated":true}]}}