{"id":20862,"date":"2020-09-10T09:32:22","date_gmt":"2020-09-10T07:32:22","guid":{"rendered":"https:\/\/www.siccr.org\/en\/?page_id=20862"},"modified":"2023-10-24T17:19:43","modified_gmt":"2023-10-24T15:19:43","slug":"ucp-education-and-training","status":"publish","type":"page","link":"https:\/\/www.siccr.org\/en\/ucp-education-and-training\/","title":{"rendered":"UCP &#8211; Education and Training"},"content":{"rendered":"<p><strong>Progetto per una Rete Nazionale delle UCP (Unit\u00e0 di Colo-proctologia) per la Formazione e Training in Chirurgia colorettale e Pavimento pelvico.<\/strong><\/p>\n<p><em>Proponente: Dott. Marco La Torre<\/em><br \/>\n<em>In collaborazione con: Dott. Mauro Pozzo, Dott. Salvatore Brachitta, Dott. Andrea Bundurri<\/em><\/p>\n<p><em><u>Introduzione e premessa<\/u><\/em><\/p>\n<p>Obiettivo principale della Societ\u00e0 Italiana di Chirurgia Colorettale come da Statuto <strong>e documento di Mission e Vision<\/strong> (<em>Mission And Vision, <a href=\"https:\/\/www.siccr.org\/mission-and-vision\/\" target=\"_blank\">https:\/\/www.siccr.org\/mission-and-vision\/<\/a><\/em> ) \u00e8 quello di promuovere l\u2019educazione continua in medicina relativa alle malattie del colon, del retto e dell\u2019ano e di valorizzare la formazione teorico-pratica in ambito colo-proctologico. L\u2019attenzione verso la formazione \u00e8 un obiettivo centrale della SICCR, sempre volta al consolidamento del suo ruolo educazionale ed al potenziamento dell\u2019insegnamento nei confronti dei colleghi pi\u00f9 giovani.<\/p>\n<p>La SICCR si prefigge di sviluppare programmi educazionali con l\u2019obiettivo di acquisire un ruolo <strong>centrale nella<\/strong> didattica e <strong>nella formazione<\/strong> all\u2019interno della comunit\u00e0 scientifica <strong>dedicata alle patologie (chirurgiche) colorettali e gastroenterologiche attraverso un miglioramento degli standard qualitativi educazionali<\/strong>.<\/p>\n<p><strong>Questo intento si concretizza nei<\/strong> Congressi nazionali e locali, nelle Scuole <strong>di formazione<\/strong> SICCR (Scuola di Chirurgia Colorettale, Scuola di Ecografia del Pavimento Pelvico, Scuola di Riabilitazione del Pavimento pelvico) <strong>e con l\u2019attivazione dei<\/strong> centri di Training e di Alta Specializzazione<\/p>\n<p><em><u>Principi ed Obiettivi<\/u><\/em><\/p>\n<p>A completamento della sua Mission e Vision, la SICCR ed il suo CD si pongono un nuovo obiettivo: l\u2019istituzione di una rete locale, regionale e nazionale di Formazione e Training capace di indirizzare lo Specialista Chirurgo verso centri di perfezionamento e (le Unit\u00e0 di Coloproctologia \u2013 UCP su tutto il territorio nazionale) approfondimento di tecniche e trattamenti specialistici di patologia colorettale, del pavimento pelvico e proctologia.<\/p>\n<p><strong>Tale rete dovr\u00e0<\/strong> garantire un\u2019attivit\u00e0 formativa costante e programmata, <strong>che favorisca<\/strong> l\u2019incontro ed il confronto tra Specialisti, potenziando la crescita personale e l\u2019approfondimento terapeutico sia nei confronti dei Soci, sia nei confronti di Specialisti non iscritti alla SICCR ma desiderosi di una <strong>formazione<\/strong> non sempre attuabile all\u2019interno dei canoni convenzionali.<\/p>\n<p>Il <strong>presupposto<\/strong> sar\u00e0 quello di <strong>incentivare<\/strong> tutte le UCP a mettere a disposizione le loro qualit\u00e0 e le loro principali peculiarit\u00e0 specialistiche al servizio di tutti coloro che vogliano approfondire specifiche tematiche patologiche o aumentare le loro \u201cskills\u201d su tecniche <strong>offrendo<\/strong> disponibilit\u00e0 per una o pi\u00f9 giornate di attivit\u00e0 ambulatoriale\/chirurgica.<\/p>\n<p>Il giovane Chirurgo o il Chirurgo esperto desiderosi di apprendere una nuova tecnica\/tecnologica <strong>avranno a disposizione<\/strong> centri <strong>di riferimento<\/strong> per la formazione specialistica, con programmi di <strong>agili e semplificati<\/strong>; alle UCP, motore dinamico e produttivo della SICCR, verr\u00e0 richiesta la disponibilit\u00e0 mensile di una giornata di ambulatorio\/sala operatoria <strong>nella quale concentrare<\/strong> esami <strong>clinici e diagnostici<\/strong> o interventi specifici. <\/p>\n<p><em><u>Metodologia ed attuazione<\/u><\/em><\/p>\n<p>Tutte le UCP ad indirizzo specialistico (Colorettale, Pelviperineologico, Proctologico) <strong>affiliate<\/strong> all\u2019anno 2020, selezioneranno tra le proprie specifiche competenze, 1\/2 procedure chirurgiche o patologie specifiche sulle quali focalizzare l\u2019attivit\u00e0 di Training.<\/p>\n<p>Ciascuna proporr\u00e0 un calendario formativo su base mensile, dedicando un\u2019intera giornata allo svolgimento di una sessione di live surgery o live medicine (nel caso di procedure diagnostiche). <\/p>\n<p>Il Responsabile delle UCP, con l\u2019ausilio dei suoi Collaboratori, fornir\u00e0 una breve descrizione della\/le patologie che costituiranno la base del Training <strong>offerto<\/strong> e nella quale dovranno essere<\/p>\n<p>1) la tipologia di procedure diagnostico-terapeutiche eseguite presso il centro (<strong>All. 1<\/strong>);<br \/>\n2) l\u2019organizzazione ed il programma della giornata di Training (<strong>All. 2<\/strong>);<br \/>\n3) recapiti utili per mettersi in contatto con l\u2019UCP ed organizzare la giornata di training.<\/p>\n<p>I singoli centri saranno incoraggiati inoltre a fornire materiale multimediale <strong>didattico<\/strong> (foto, <strong>slides<\/strong>, meglio short videos) utile al discente per meglio identificare la UCP di interesse. <\/p>\n<p>Tale materiale (locandina, programma, video) sar\u00e0 poi pubblicato in una sessione sezione dedicata del sito <a href=\"http:\/\/www.siccr.org\" target=\"_blank\">www.siccr.org<\/a>.<\/p>\n<p><strong>Condizione necessaria per usufruire del training \u00e8 essere soci SICCR in regola con le quote associative.<\/strong> In non soci dovranno perfezionare l\u2019iscrizione alla SICCR per accedere al servizio.<br \/>\nNon sono previsti crediti formativi (ECM).<\/p>\n<p><strong>1. Tipologia di Training<\/strong><\/p>\n<p><strong>1a. Training Chirurgico<\/strong><br \/>\nIn funzione della patologia\/trattamento scelto, il Responsabile UCP ed i suoi Collaboratori programmeranno una giornata di sala operatoria offrendo al Discente la possibilit\u00e0 di assistere a pi\u00f9 interventi\/casi clinici in modalit\u00e0 live-surgery, offrendo un modello di interattivit\u00e0 <strong>ottimale<\/strong> (patologia oncologica colorettale, trattamento mini-invasivo della malattia emorroidaria, trattamento mini-invasivo delle sepsi anali, trattamento mini-invasivo della malattia pilonidale, ecc) <strong>con la presenza di 1 \/ 2 discenti massimo<\/strong>.<br \/>\nSi potranno discutere i casi clinici pre-procedura, osservare in diretta eventuali \u201ctips and tricks\u201d, rivalutare il trattamento e fare le dovute considerazioni post-procedura.<\/p>\n<p><strong>1b. Training Medico<\/strong><br \/>\nIl Responsabile UCP ed i suoi Collaboratori programmeranno una giornata di Ambulatorio in maniera da offrire al Discente la possibilit\u00e0 di assistere alla gestione medica della patologia selezionata (esempio: trattamento ambulatoriale della malattia emorroidaria con scleroterapia legatura elastica; diagnosi e trattamento dell\u2019HPV anale; ecc) fornendo informazioni dirette sulle procedure ambulatoriali, informazioni scientifiche sul trattamento e tecniche sui materiali ed i presidi.<\/p>\n<p>Una rete di Formazione e Training <strong>con le caratteristiche illustrate<\/strong> \u00e8 ancor pi\u00f9 <strong>nell\u2019attuale contesto<\/strong> nel quale il distanziamento sociale conseguenza della pandemia SARS-COV-2 <strong>impedisce<\/strong> e\/o limita <strong>la partecipazione a grandi eventi congressuali<\/strong>. <\/p>\n<p>La partecipazione <strong>delle UCP<\/strong> alla Rete Nazionale \u00e8 su base volontaria, tuttavia tutte le <strong>UCP \u00e8 fortemente raccomandato<\/strong> di fornire il <strong>proprio<\/strong> contributo.<\/p>\n<p><a href=\"https:\/\/www.siccr.org\/wp-content\/uploads\/2020\/09\/PROGETTO-UCP-TRAINING_2020_DEF.pdf\">Clicca qui per scaricare il documento allegato<\/a><\/p>\n<hr>\n<h2>Elenco Centri UCP Training<\/h2>\n<p><img decoding=\"async\" src=\"https:\/\/www.siccr.org\/wp-content\/uploads\/2021\/01\/image001-s1.png\" usemap=\"#italy\"><\/p>\n<map name=\"italy\">\n<area target=\"\" alt=\"lazio\" title=\"3 UCP: Civita Castellana, Roma\" href=\"#lazio\" coords=\"234,281,247,299,261,310,281,334,292,332,296,341,327,340,330,324,322,313,314,315,302,309,295,300,304,291,299,278,307,270,300,266,285,271,274,280,260,271,248,258\" shape=\"poly\">\n<area target=\"\" alt=\"lombardia\" title=\"1 UCP: Gallarate\" href=\"#lombardia\" coords=\"125,82,120,97,125,109,129,119,125,126,118,125,122,140,132,141,139,150,147,158,149,150,147,144,152,135,166,135,179,137,193,145,205,144,226,144,204,126,198,119,198,108,206,98,197,97,191,89,196,76,196,68,197,62,180,53,176,56,176,65,162,67,153,58,144,59,144,74,139,80,136,95\" shape=\"poly\">\n<area target=\"\" alt=\"liguria\" title=\"1 UCP: Savona\" href=\"#liguria\" coords=\"167,178,173,189,168,193,151,181,142,176,131,172,118,178,109,184,103,199,90,206,75,208,85,191,93,187,99,182,108,170,117,166,127,166,135,160,142,163,153,165,160,173\" shape=\"poly\">\n<area target=\"\" alt=\"piemonte\" title=\"2 UCP: Cuneo, Pinerolo\" href=\"#piemonte\" coords=\"42,136,50,148,57,155,51,173,60,186,75,190,86,189,98,186,106,168,128,164,132,157,143,160,132,141,124,142,118,126,129,120,118,98,126,81,115,74,115,58,101,72,102,77,93,86,91,109,81,109,68,114,63,123,57,132\" shape=\"poly\">\n<area target=\"\" alt=\"sicilia\" title=\"2 UCP: Palermo, Ragusa\" href=\"#sicilia\" coords=\"280,496,270,508,270,519,279,525,294,527,321,546,336,549,352,564,371,570,373,558,381,550,372,532,375,517,393,491,379,491,374,500,366,495,357,497,348,505,330,501,324,505,314,500,307,494,297,495,289,503\" shape=\"poly\">\n<area target=\"\" alt=\"#valledaosta\" title=\"1 UCP: Aosta\" href=\"#valledaosta\" coords=\"47,99,56,108,63,116,76,111,87,110,93,106,90,92,82,88,71,92,59,91\" shape=\"poly\">\n<\/map>\n<div id=\"lazio\"><b>LAZIO<\/b><\/div>\n<hr>\n<ul>\n<li><strong>Civita Castellana &#8211; Dr. Nicola Foti<\/strong> &#187; <a href=\"https:\/\/www.siccr.org\/wp-content\/uploads\/2020\/09\/SCHEDA-UCP-TRAINING_FOTI-CIVITA-CASTELLANA.pdf\" target=\"_blank\">Vedi Scheda<\/a><\/li>\n<li><strong>Roma &#8211; Dr. Valter Ripetti<\/strong> &#187; <a href=\"https:\/\/www.siccr.org\/wp-content\/uploads\/2020\/09\/SCHEDA-UCP-TRAINING_RIPETTI-ROMA-CAMPUS-BIOMEDICO.pdf\" target=\"_blank\">Vedi Scheda<\/a><\/li>\n<li><strong>Roma &#8211; Dr. Marco La Torre <\/strong> &#187; <a href=\"https:\/\/www.siccr.org\/wp-content\/uploads\/2021\/01\/SCHEDA-UCP-TRAINING_LA-TORRE-M-ROMA.pdf\" target=\"_blank\">Vedi Scheda<\/a><\/li>\n<\/ul>\n<div id=\"lombardia\"><b>LOMBARDIA<\/b><\/div>\n<hr>\n<ul>\n<li><strong>Gallarate &#8211; Dr. Corrado Bottini<\/strong> &#187; <a href=\"https:\/\/www.siccr.org\/wp-content\/uploads\/2021\/01\/SCHEDA-UCP-TRAINING_BOTTINI-GALLARATE.pdf\" target=\"_blank\">Vedi Scheda<\/a><\/li>\n<\/ul>\n<div id=\"liguria\"><b>LIGURIA<\/b><\/div>\n<hr>\n<ul>\n<li><strong>Savona &#8211; Dr. Langone Antonio<\/strong> &#187; <a href=\"https:\/\/www.siccr.org\/wp-content\/uploads\/2020\/09\/SCHEDA-UCP-TRAINING_LANGONE-SAVONA.pdf\" target=\"_blank\">Vedi Scheda<\/a><\/li>\n<\/ul>\n<div id=\"piemonte\"><b>PIEMONTE<\/b><\/div>\n<hr>\n<ul>\n<li><strong>Cuneo &#8211; Dr. Maria Carmela Giuffrida<\/strong> &#187; <a href=\"https:\/\/www.siccr.org\/wp-content\/uploads\/2020\/09\/SCHEDA-UCP-TRAINING_GIUFFRIDA-CUNEO.pdf\" target=\"_blank\">Vedi Scheda<\/a><\/li>\n<li><strong>Pinerolo &#8211; Dr. Nicoletta Pipitone<\/strong> &#187; <a href=\"https:\/\/www.siccr.org\/wp-content\/uploads\/2021\/04\/PROGETTO-UCP-TRAINING_2020-Pinerolo_DEF.pdf\" target=\"_blank\">Vedi Scheda<\/a><\/li>\n<\/ul>\n<div id=\"sicilia\"><b>SICILIA<\/b><\/div>\n<hr>\n<ul>\n<li><strong>Palermo &#8211; Dr. Nicola Tricomi<\/strong> &#187; <a href=\"https:\/\/www.siccr.org\/wp-content\/uploads\/2020\/09\/SCHEDA-UCP-TRAINING_TRICOMI-PALERMO.pdf\" target=\"_blank\">Vedi Scheda<\/a><\/li>\n<li><strong>Ragusa &#8211; Dr. Salvatore Bracchitta<\/strong> &#187; <a href=\"https:\/\/www.siccr.org\/wp-content\/uploads\/2021\/04\/PROGETTO-UCP-TRAINING_2020-Ragusa.pdf\" target=\"_blank\">Vedi Scheda<\/a><\/li>\n<\/ul>\n<div id=\"valledaosta\"><b>VALLE D&#8217;AOSTA<\/b><\/div>\n<hr>\n<ul>\n<li><strong>Aosta &#8211; Dr. Maurizio Roveroni<\/strong> &#187; <a href=\"https:\/\/www.siccr.org\/wp-content\/uploads\/2021\/01\/SCHEDA-UCP-TRAINING_ROVERONI-AOSTA.pdf\" target=\"_blank\">Vedi Scheda<\/a><\/li>\n<\/ul>\n","protected":false},"excerpt":{"rendered":"<p>Progetto per una Rete Nazionale delle UCP (Unit\u00e0 di Colo-proctologia) per la Formazione e Training in Chirurgia colorettale e Pavimento pelvico. Proponente: Dott. Marco La Torre In collaborazione con: Dott. Mauro Pozzo, Dott. Salvatore Brachitta, Dott. Andrea Bundurri Introduzione e premessa Obiettivo principale della Societ\u00e0 Italiana di Chirurgia Colorettale come da Statuto e documento di [&hellip;]<\/p>\n","protected":false},"author":5,"featured_media":0,"parent":0,"menu_order":0,"comment_status":"closed","ping_status":"open","template":"","meta":{"_acf_changed":false,"footnotes":""},"acf":[],"_links":{"self":[{"href":"https:\/\/www.siccr.org\/en\/wp-json\/wp\/v2\/pages\/20862"}],"collection":[{"href":"https:\/\/www.siccr.org\/en\/wp-json\/wp\/v2\/pages"}],"about":[{"href":"https:\/\/www.siccr.org\/en\/wp-json\/wp\/v2\/types\/page"}],"author":[{"embeddable":true,"href":"https:\/\/www.siccr.org\/en\/wp-json\/wp\/v2\/users\/5"}],"replies":[{"embeddable":true,"href":"https:\/\/www.siccr.org\/en\/wp-json\/wp\/v2\/comments?post=20862"}],"version-history":[{"count":5,"href":"https:\/\/www.siccr.org\/en\/wp-json\/wp\/v2\/pages\/20862\/revisions"}],"predecessor-version":[{"id":23860,"href":"https:\/\/www.siccr.org\/en\/wp-json\/wp\/v2\/pages\/20862\/revisions\/23860"}],"wp:attachment":[{"href":"https:\/\/www.siccr.org\/en\/wp-json\/wp\/v2\/media?parent=20862"}],"curies":[{"name":"wp","href":"https:\/\/api.w.org\/{rel}","templated":true}]}}