{"id":316,"date":"2015-07-31T19:00:38","date_gmt":"2015-07-31T17:00:38","guid":{"rendered":"http:\/\/www.siccr.org\/siccr2015wp\/en\/?page_id=316"},"modified":"2023-10-24T17:40:32","modified_gmt":"2023-10-24T15:40:32","slug":"link","status":"publish","type":"page","link":"https:\/\/www.siccr.org\/en\/link\/","title":{"rendered":"Link"},"content":{"rendered":"<h2>Colon proctologic societies<\/h2>\n<ul>\n<li><a href=\"http:\/\/www.fascrs.org\">American Society of Colon &amp; Rectal Surgeons<\/a><\/li>\n<li><a href=\"http:\/\/www.medynet.com\/aecp\/\">Asociaci\u00f3n Espa\u00f1ola de Coloproctologia<\/a><\/li>\n<li><a href=\"http:\/\/www.alacp.org\/\">Associa\u00e7\u00e3o Latino-Americana di Colo-Proctologia<\/a><\/li>\n<li><a href=\"http:\/\/www.amistom.org\/\">Associazione Marchigiana Incontinenti e Stomizzati<\/a><\/li>\n<li><a href=\"http:\/\/www.ectamed.org\">ECTA &#8211; Eurasian Colorectal Technologies Association<\/a><\/li>\n<li><a href=\"http:\/\/www.endorect.com\/\">Endoretal and Endoanal Ultrasonographyv<\/a><\/li>\n<li><a href=\"http:\/\/www.escp.eu.com\/\">European Society of Coloproctologyv<\/a><\/li>\n<li><a href=\"http:\/\/www.ipfds.org\/\">International Pelvic Floor Dysfunction Society<\/a><\/li>\n<li><a href=\"http:\/\/www.isucrs.org\/\">International Society of the University of Colon &amp; Rectal Surgeons<\/a><\/li>\n<li><a href=\"http:\/\/mscp-online.org\/\">M.S.C.P. &#8211; Mediterranean Society of Coloproctology<\/a><\/li>\n<li><a href=\"http:\/\/www.smcrc.org.mx\/\">Sociedad Mexicana de Cirujanos de recto y Colonv<\/a><\/li>\n<li><a href=\"http:\/\/www.med.univ-rennes1.fr\/uv\/snfcp\/\">Soci\u00e9t\u00e9 Nationale Francais di Colo- proctologie<\/a><\/li>\n<li><a href=\"http:\/\/www.stmarkshospital.org.uk\/\">St Mark\u2019s hospital<\/a><\/li>\n<li><a href=\"http:\/\/www.acpgbi.org.uk\/\">The Association of Coloproctology of Great Britain and Ireland<\/a><\/li>\n<li><a href=\"http:\/\/www.escp.eu.com\/\">The European Association of Coloproctology <\/a><\/li>\n<\/ul>\n<h2>Gastroenterological societies<\/h2>\n<ul>\n<li><a href=\"http:\/\/www.anemgi.org\/\">ANEMGI (Associazione per la NeUroGastroenterologia e la Motilit\u00e0 Gastrointestinale) Onlus<\/a><\/li>\n<li><a href=\"http:\/\/www.aegastro.es\/\">Asociaci\u00f3n Espa\u00f1ola di Gastroenterolog\u00eda<\/a><\/li>\n<li><a href=\"http:\/\/www.amistom.org\/\">Associazione Marchigiana Incontinenti e Stomizzati<\/a><\/li>\n<li><a href=\"http:\/\/www.bsg.org.uk\/\">British Society of Gastroenterology<\/a><\/li>\n<li><a href=\"http:\/\/www.cag-acg.org\/\">Canadian Association of Gastroenterology<\/a><\/li>\n<li><a href=\"http:\/\/www.gastroenterologi.dk\/\">Dansk gastroenterologisk selskab<\/a><\/li>\n<li><a href=\"http:\/\/www.digestivedisorders.org.uk\/\">Digestive Disorders Foundation<\/a><\/li>\n<li><a href=\"http:\/\/www.gesa.org.au\/\">Gastroenterological Society of Australia (GESA)<\/a><\/li>\n<li><a href=\"http:\/\/www.oeggh.at\/\">Osterreichische Gesellschaft f. Gastroenterologie u. Hepatologie<\/a><\/li>\n<li><a href=\"http:\/\/www.snfge.asso.fr\/\">Soci\u00e9t\u00e9 Nationale Fran\u00e7ais di Gastro- Ent\u00e9rologie<\/a><\/li>\n<li><a href=\"http:\/\/www.ccfa.org\/\">The American Gastroenterological Association<\/a><\/li>\n<\/ul>\n<h2>Colon proctology connections<\/h2>\n<ul>\n<li><a href=\"http:\/\/www.amiciitalia.net\/\">Associazione per le Malattie Infiammatorie Croniche dell&#8217;Intestino &#8211; A.M.I.C.I.<\/a><\/li>\n<li><a href=\"http:\/\/www.tumoriereditari.info\/\">Centro Tumori Ereditari del Colon<\/a><\/li>\n<li><a href=\"http:\/\/www.proctologia.unina.it\/\">Dipartimento Assistenziale di Chirurgia Generale,Oncologica e Videoassistita<br \/>\nAzienda Ospedaliera Universitaria &#8220;Federico II&#8221;<\/a><\/li>\n<li><a href=\"http:\/\/www.ginsnet.org\/\">Gruppo Italiano di Neuromodulazione Sacrale<\/a><\/li>\n<li><a href=\"http:\/\/www.noieilcrohn.it\/\">Noi e il Crohn &#8211; A.M.I.C.I.<\/a><\/li>\n<li><a href=\"http:\/\/www.pelvicfloordigest.org\/\">Pelvicfloordigest.org<\/a><\/li>\n<li><a href=\"http:\/\/www.geocities.com\/CollegePark\/8923\/index.htm\">Proctologia Oggi<\/a><\/li>\n<li><a href=\"http:\/\/www.proctology.ch\/\">Proctology.ch<\/a><\/li>\n<li><a href=\"http:\/\/www.uoa.org\/\">United Ostomy Association <\/a><\/li>\n<\/ul>\n<h2>Medicine and surgery<\/h2>\n<ul>\n<li><a href=\"http:\/\/www.aboproject.it\/index.php\">ABOProject<\/a><\/li>\n<li><a href=\"http:\/\/www.acoi.it\/\">ACOI &#8211; Associazione Chirurghi Ospedalieri Italiani<\/a><\/li>\n<li><a href=\"http:\/\/www.aiug.it\/\">AIUG &#8211; Associazione Italiana di Urologia Ginecologica e del Pavimento Pelvico<\/a><\/li>\n<li><a href=\"http:\/\/www.associazioneamami.it\/\">Associazione Medici Accusati di Malpractice Ingiustamente -AMAMI<\/a><\/li>\n<li><a href=\"http:\/\/www.webmed.com\/prs\/\">Chir. Plastica e Ricostruttiva<\/a><\/li>\n<li><a href=\"http:\/\/www.collegiochirurghi.it\/\">CIC &#8211; Collegio Italiano Chirurghi<\/a><\/li>\n<li><a href=\"http:\/\/www.epgs.nl\/\">European Postragduate Gastrosurgical School<\/a><\/li>\n<li><a href=\"http:\/\/www.medal.org\/\">Medal.org &#8211; The Medical Algorithms Project<\/a><\/li>\n<li><a href=\"http:\/\/www.surgiservice.com\/\">SurgiSERVICE<\/a><\/li>\n<li><a href=\"http:\/\/www.rcseng.ac.uk\/\">The Royal College of Surgeons of England<\/a><\/li>\n<li><a href=\"http:\/\/www.chirurgiacola.it\/\">Unit\u00e0 Operativa Chirurgia Generale<\/a><\/li>\n<li><a href=\"http:\/\/www.cancer.org\/docroot\/home\/index.asp\">www.cancer.org <\/a><\/li>\n<\/ul>\n<h2>Medical information<\/h2>\n<ul>\n<li><a href=\"http:\/\/www.ospedalecardarelli.it\/\">Antonio Cardarelli &#8211; Azienda Ospedaliera di Rilievo Nazionale<\/a><\/li>\n<li><a href=\"http:\/\/www.sanita.it\/indirizzari\/\">Assessorati Sanit\u00e0 Regionali<\/a><\/li>\n<li><a href=\"http:\/\/www.endoassoc.it\/\">Associazione Italiana Endometriosi<\/a><\/li>\n<li><a href=\"http:\/\/www.associazioneamami.it\/\">Associazione Medici Accusati di Malpractice Ingiustamente (A.M.A.M.I.)<\/a><\/li>\n<li><a href=\"http:\/\/www.docguide.com\/\">Docguide<\/a><\/li>\n<li><a href=\"http:\/\/www.ncbi.nlm.nih.gov\/entrez\/query.fcgi\">Entrez pubmed<\/a><\/li>\n<li><a href=\"http:\/\/www2.xagena.it\/xagena\/eurologiait.htm\">E-urologia<\/a><\/li>\n<li><a href=\"http:\/\/www.evidencemedicine.net\/\">EvidenceMedicine<\/a><\/li>\n<li><a href=\"http:\/\/www.gastroenterologia.net\/\">Gastroenterologia.net<\/a><\/li>\n<li><a href=\"http:\/\/www.gastronet.it\/\">Gastronet<\/a><\/li>\n<li><a href=\"http:\/\/ec.europa.eu\/health-eu\/index_en.htm\">Health-EU Portal<\/a><\/li>\n<li><a href=\"http:\/\/www.iss.it\/\">Istituto Superiore di Sanit\u00e0<\/a><\/li>\n<li><a href=\"http:\/\/www.medicmail.com.br\/\">MedicMail<\/a><\/li>\n<li><a href=\"http:\/\/www.medscape.com\/\">Medscape<\/a><\/li>\n<li><a href=\"http:\/\/www.ministerosalute.it\/\">Ministero della Salute<\/a><\/li>\n<li><a href=\"http:\/\/www.paginemediche.it\/\">Pagine mediche<\/a><\/li>\n<li><a href=\"http:\/\/www.sanihelp.it\/\">Sanihelp<\/a><\/li>\n<li><a href=\"http:\/\/www.specialistinfo.com\/\">Specialist info<\/a><\/li>\n<li><a href=\"http:\/\/www.univadis.it\/medical_and_more\/\">Univadis<\/a><\/li>\n<li><a href=\"http:\/\/www.webmed.com\/\">WebMed &#8211; The Best Medical Sites on the web.<\/a><\/li>\n<li><a href=\"http:\/\/www.xagena.org\/\">Xagena <\/a><\/li>\n<\/ul>\n","protected":false},"excerpt":{"rendered":"<p>Colon proctologic societies American Society of Colon &amp; Rectal Surgeons Asociaci\u00f3n Espa\u00f1ola de Coloproctologia Associa\u00e7\u00e3o Latino-Americana di Colo-Proctologia Associazione Marchigiana Incontinenti e Stomizzati ECTA &#8211; Eurasian Colorectal Technologies Association Endoretal and Endoanal Ultrasonographyv European Society of Coloproctologyv International Pelvic Floor Dysfunction Society International Society of the University of Colon &amp; Rectal Surgeons M.S.C.P. &#8211; Mediterranean [&hellip;]<\/p>\n","protected":false},"author":1,"featured_media":0,"parent":0,"menu_order":9000,"comment_status":"closed","ping_status":"open","template":"","meta":{"_acf_changed":false,"footnotes":""},"acf":[],"_links":{"self":[{"href":"https:\/\/www.siccr.org\/en\/wp-json\/wp\/v2\/pages\/316"}],"collection":[{"href":"https:\/\/www.siccr.org\/en\/wp-json\/wp\/v2\/pages"}],"about":[{"href":"https:\/\/www.siccr.org\/en\/wp-json\/wp\/v2\/types\/page"}],"author":[{"embeddable":true,"href":"https:\/\/www.siccr.org\/en\/wp-json\/wp\/v2\/users\/1"}],"replies":[{"embeddable":true,"href":"https:\/\/www.siccr.org\/en\/wp-json\/wp\/v2\/comments?post=316"}],"version-history":[{"count":2,"href":"https:\/\/www.siccr.org\/en\/wp-json\/wp\/v2\/pages\/316\/revisions"}],"predecessor-version":[{"id":23888,"href":"https:\/\/www.siccr.org\/en\/wp-json\/wp\/v2\/pages\/316\/revisions\/23888"}],"wp:attachment":[{"href":"https:\/\/www.siccr.org\/en\/wp-json\/wp\/v2\/media?parent=316"}],"curies":[{"name":"wp","href":"https:\/\/api.w.org\/{rel}","templated":true}]}}