{"id":4325,"date":"2015-09-01T16:05:24","date_gmt":"2015-09-01T14:05:24","guid":{"rendered":"http:\/\/www.siccr.org\/siccr2015wp\/en\/?page_id=4325"},"modified":"2023-10-24T16:32:19","modified_gmt":"2023-10-24T14:32:19","slug":"siccr-club","status":"publish","type":"page","link":"https:\/\/www.siccr.org\/en\/siccr-club\/","title":{"rendered":"SICCR Club"},"content":{"rendered":"<p>Il Consiglio Direttivo della SICCR ha approvato l&#8217;istituzione del PROfessional SICCR Club (PRO-SICCR Club).<br \/>\nScopo del club \u00e8 di avvicinare alla societ\u00e0 in modo propositivo tutte le professionalit\u00e0 che quotidianamente collaborano alla nostra attivit\u00e0 clinica.<\/p>\n<ul>\n<li><a href=\"https:\/\/www.siccr.org\/wp-content\/uploads\/2015\/07\/Lettera-Soci_PROsiccrclub_072015.pdf\" target=\"_blank\">Lettera ai Soci<\/a><\/li>\n<li><a href=\"https:\/\/www.siccr.org\/wp-content\/uploads\/2015\/07\/SICCR-CLUB_estratto-del-regolamento_def_07112015.pdf\" target=\"_blank\">Estratto dal regolamento<\/a><\/li>\n<li><a href=\"https:\/\/www.siccr.org\/wp-content\/uploads\/2015\/07\/SICCR-CLUB_moduloiscrizione_def_0620151.pdf\" target=\"_blank\">Scheda Iscrizione<\/a><\/li>\n<\/ul>\n","protected":false},"excerpt":{"rendered":"<p>Il Consiglio Direttivo della SICCR ha approvato l&#8217;istituzione del PROfessional SICCR Club (PRO-SICCR Club). Scopo del club \u00e8 di avvicinare alla societ\u00e0 in modo propositivo tutte le professionalit\u00e0 che quotidianamente collaborano alla nostra attivit\u00e0 clinica. Lettera ai Soci Estratto dal regolamento Scheda Iscrizione<\/p>\n","protected":false},"author":1,"featured_media":0,"parent":0,"menu_order":8000,"comment_status":"closed","ping_status":"open","template":"","meta":{"_acf_changed":false,"footnotes":""},"acf":[],"_links":{"self":[{"href":"https:\/\/www.siccr.org\/en\/wp-json\/wp\/v2\/pages\/4325"}],"collection":[{"href":"https:\/\/www.siccr.org\/en\/wp-json\/wp\/v2\/pages"}],"about":[{"href":"https:\/\/www.siccr.org\/en\/wp-json\/wp\/v2\/types\/page"}],"author":[{"embeddable":true,"href":"https:\/\/www.siccr.org\/en\/wp-json\/wp\/v2\/users\/1"}],"replies":[{"embeddable":true,"href":"https:\/\/www.siccr.org\/en\/wp-json\/wp\/v2\/comments?post=4325"}],"version-history":[{"count":6,"href":"https:\/\/www.siccr.org\/en\/wp-json\/wp\/v2\/pages\/4325\/revisions"}],"predecessor-version":[{"id":23807,"href":"https:\/\/www.siccr.org\/en\/wp-json\/wp\/v2\/pages\/4325\/revisions\/23807"}],"wp:attachment":[{"href":"https:\/\/www.siccr.org\/en\/wp-json\/wp\/v2\/media?parent=4325"}],"curies":[{"name":"wp","href":"https:\/\/api.w.org\/{rel}","templated":true}]}}